{"id":2148,"date":"2021-07-04T05:33:17","date_gmt":"2021-07-04T05:33:17","guid":{"rendered":"https:\/\/ibnguyana.com\/?page_id=2148"},"modified":"2021-07-04T05:37:09","modified_gmt":"2021-07-04T05:37:09","slug":"areas-de-inversion-en-guyana-viajes-y-turismo","status":"publish","type":"page","link":"https:\/\/ibnguyana.com\/es\/servicios\/areas-de-inversion-3\/areas-de-inversion-en-guyana-viajes-y-turismo\/","title":{"rendered":"\u00c1reas de inversi\u00f3n en Guyana &#8211; Viajes y turismo"},"content":{"rendered":"\t\t<div data-elementor-type=\"wp-page\" data-elementor-id=\"2148\" class=\"elementor elementor-2148\" data-elementor-post-type=\"page\">\n\t\t\t\t\t\t<section class=\"elementor-section elementor-top-section elementor-element elementor-element-6fd0a61 elementor-section-content-middle elementor-section-boxed elementor-section-height-default elementor-section-height-default\" data-id=\"6fd0a61\" data-element_type=\"section\">\n\t\t\t\t\t\t<div class=\"elementor-container elementor-column-gap-no\">\n\t\t\t\t\t<div class=\"elementor-column elementor-col-100 elementor-top-column elementor-element elementor-element-778fed20\" data-id=\"778fed20\" data-element_type=\"column\">\n\t\t\t<div class=\"elementor-widget-wrap elementor-element-populated\">\n\t\t\t\t\t\t<div class=\"elementor-element elementor-element-2abc02e4 elementor-widget elementor-widget-image\" data-id=\"2abc02e4\" data-element_type=\"widget\" data-widget_type=\"image.default\">\n\t\t\t\t<div class=\"elementor-widget-container\">\n\t\t\t\t\t\t\t\t\t\t\t\t\t\t\t<img fetchpriority=\"high\" decoding=\"async\" width=\"640\" height=\"427\" src=\"https:\/\/ibnguyana.com\/wp-content\/uploads\/2021\/07\/waterfalls-5089714_640.jpg\" class=\"attachment-full size-full wp-image-2072\" alt=\"tourism-guyana\" srcset=\"https:\/\/ibnguyana.com\/wp-content\/uploads\/2021\/07\/waterfalls-5089714_640.jpg 640w, https:\/\/ibnguyana.com\/wp-content\/uploads\/2021\/07\/waterfalls-5089714_640-300x200.jpg 300w\" sizes=\"(max-width: 640px) 100vw, 640px\" \/>\t\t\t\t\t\t\t\t\t\t\t\t\t\t\t<\/div>\n\t\t\t\t<\/div>\n\t\t\t\t<div class=\"elementor-element elementor-element-2b74a3c9 elementor-widget elementor-widget-heading\" data-id=\"2b74a3c9\" data-element_type=\"widget\" data-widget_type=\"heading.default\">\n\t\t\t\t<div class=\"elementor-widget-container\">\n\t\t\t\t\t<h3 class=\"elementor-heading-title elementor-size-default\">TRAVEL AND TOURISM<\/h3>\t\t\t\t<\/div>\n\t\t\t\t<\/div>\n\t\t\t\t<div class=\"elementor-element elementor-element-3a38f2d4 elementor-widget elementor-widget-text-editor\" data-id=\"3a38f2d4\" data-element_type=\"widget\" data-widget_type=\"text-editor.default\">\n\t\t\t\t<div class=\"elementor-widget-container\">\n\t\t\t\t\t\t\t\t\t<p><span style=\"font-weight: 400;\">Guyana ofrece una experiencia distinta para el mercado tur\u00edstico, gracias a sus vastos espacios abiertos, sabanas, selvas v\u00edrgenes, monta\u00f1as y enormes rios y cascadas, la m\u00e1s famosa de las cuales es la majestuosa Kaieteur Falls, conocida por ser la cascada de una sola ca\u00edda m\u00e1s alta del mundo y cinco veces m\u00e1s que las cataratas del Ni\u00e1gara. Guyana tambi\u00e9n cuenta con una abundante vida salvaje, numerosas esp\u00e9cies de flora, una gran variedad de fauna y una espectacular avifauna. Estos lugares son accesibles por tierra, aire y rio, y cuentan con centros tur\u00edsticos ecol\u00f3gicos en el interior.<\/span><\/p><p><span style=\"font-weight: 400;\">La capital, Georgetown, es conocida por sus pintorescas avenidas arboladas, sus bulliciosos mercados y sus edif\u00edcios de madera, entre los que se encuentra la famosa Catedral de San Jorge, supuestamente el edif\u00edcio de madera m\u00e1s alto de mundo.<\/span><\/p><p><span style=\"font-weight: 400;\">La selva tropical de Guyana alberga uno de los h\u00e1bitats m\u00e1s pr\u00edstinos del mundo. El interior de Guyana (unos 169.000 kil\u00f3metros cuadrados) permanece m\u00ednimamente perturbado por la actividad humana. Como una de las cuatro selvas tropicales intactas que quedan en el mundo, Guyana alberga m\u00e1s de 800 especies de aves de 72 familias diferentes, cientos de especies de mam\u00edferos y miles de especies de insectos. Entre ellas se encuentran la mayor ave de presa (\u00c1guila Arp\u00eda), la mayor nutria (Nutria Gigante de R\u00edo), el mayor oso hormiguero (Oso Hormiguero Gigante) y el mayor pez de agua dulce (Arapaima) del mundo, as\u00ed como la mayor especie de felino aut\u00f3ctono del Hemisferio Occidental (Jaguar).\u00a0<\/span><\/p>\t\t\t\t\t\t\t\t<\/div>\n\t\t\t\t<\/div>\n\t\t\t\t<div class=\"elementor-element elementor-element-4db06c9 elementor-widget elementor-widget-gallery\" data-id=\"4db06c9\" data-element_type=\"widget\" data-settings=\"{&quot;columns&quot;:5,&quot;lazyload&quot;:&quot;yes&quot;,&quot;gallery_layout&quot;:&quot;grid&quot;,&quot;columns_tablet&quot;:2,&quot;columns_mobile&quot;:1,&quot;gap&quot;:{&quot;unit&quot;:&quot;px&quot;,&quot;size&quot;:10,&quot;sizes&quot;:[]},&quot;gap_tablet&quot;:{&quot;unit&quot;:&quot;px&quot;,&quot;size&quot;:10,&quot;sizes&quot;:[]},&quot;gap_mobile&quot;:{&quot;unit&quot;:&quot;px&quot;,&quot;size&quot;:10,&quot;sizes&quot;:[]},&quot;link_to&quot;:&quot;file&quot;,&quot;aspect_ratio&quot;:&quot;3:2&quot;,&quot;overlay_background&quot;:&quot;yes&quot;,&quot;content_hover_animation&quot;:&quot;fade-in&quot;}\" data-widget_type=\"gallery.default\">\n\t\t\t\t<div class=\"elementor-widget-container\">\n\t\t\t\t\t\t\t<div class=\"elementor-gallery__container\">\n\t\t\t\t\t\t\t<a class=\"e-gallery-item elementor-gallery-item elementor-animated-content\" href=\"https:\/\/ibnguyana.com\/wp-content\/uploads\/2021\/07\/jaguar-3370498_640.jpg\" data-elementor-open-lightbox=\"yes\" data-elementor-lightbox-slideshow=\"4db06c9\" data-elementor-lightbox-title=\"jaguar-3370498_640\" data-e-action-hash=\"#elementor-action%3Aaction%3Dlightbox%26settings%3DeyJpZCI6MjA4MSwidXJsIjoiaHR0cHM6XC9cL2libmd1eWFuYS5jb21cL3dwLWNvbnRlbnRcL3VwbG9hZHNcLzIwMjFcLzA3XC9qYWd1YXItMzM3MDQ5OF82NDAuanBnIiwic2xpZGVzaG93IjoiNGRiMDZjOSJ9\">\n\t\t\t\t\t<div class=\"e-gallery-image elementor-gallery-item__image\" data-thumbnail=\"https:\/\/ibnguyana.com\/wp-content\/uploads\/2021\/07\/jaguar-3370498_640-300x200.jpg\" data-width=\"300\" data-height=\"200\" aria-label=\"\" role=\"img\" ><\/div>\n\t\t\t\t\t\t\t\t\t\t\t<div class=\"elementor-gallery-item__overlay\"><\/div>\n\t\t\t\t\t\t\t\t\t\t\t\t\t\t<\/a>\n\t\t\t\t\t\t\t<a class=\"e-gallery-item elementor-gallery-item elementor-animated-content\" href=\"https:\/\/ibnguyana.com\/wp-content\/uploads\/2021\/07\/StockSnap_XOLYSNWT9A-scaled.jpg\" data-elementor-open-lightbox=\"yes\" data-elementor-lightbox-slideshow=\"4db06c9\" data-elementor-lightbox-title=\"StockSnap_XOLYSNWT9A\" data-e-action-hash=\"#elementor-action%3Aaction%3Dlightbox%26settings%3DeyJpZCI6MjA3NywidXJsIjoiaHR0cHM6XC9cL2libmd1eWFuYS5jb21cL3dwLWNvbnRlbnRcL3VwbG9hZHNcLzIwMjFcLzA3XC9TdG9ja1NuYXBfWE9MWVNOV1Q5QS1zY2FsZWQuanBnIiwic2xpZGVzaG93IjoiNGRiMDZjOSJ9\">\n\t\t\t\t\t<div class=\"e-gallery-image elementor-gallery-item__image\" data-thumbnail=\"https:\/\/ibnguyana.com\/wp-content\/uploads\/2021\/07\/StockSnap_XOLYSNWT9A-300x199.jpg\" data-width=\"300\" data-height=\"199\" aria-label=\"\" role=\"img\" ><\/div>\n\t\t\t\t\t\t\t\t\t\t\t<div class=\"elementor-gallery-item__overlay\"><\/div>\n\t\t\t\t\t\t\t\t\t\t\t\t\t\t<\/a>\n\t\t\t\t\t\t\t<a class=\"e-gallery-item elementor-gallery-item elementor-animated-content\" href=\"https:\/\/ibnguyana.com\/wp-content\/uploads\/2021\/07\/pexels-jean-van-der-meulen-1559388-scaled.jpg\" data-elementor-open-lightbox=\"yes\" data-elementor-lightbox-slideshow=\"4db06c9\" data-elementor-lightbox-title=\"pexels-jean-van-der-meulen-1559388\" data-e-action-hash=\"#elementor-action%3Aaction%3Dlightbox%26settings%3DeyJpZCI6MjA4NSwidXJsIjoiaHR0cHM6XC9cL2libmd1eWFuYS5jb21cL3dwLWNvbnRlbnRcL3VwbG9hZHNcLzIwMjFcLzA3XC9wZXhlbHMtamVhbi12YW4tZGVyLW1ldWxlbi0xNTU5Mzg4LXNjYWxlZC5qcGciLCJzbGlkZXNob3ciOiI0ZGIwNmM5In0%3D\">\n\t\t\t\t\t<div class=\"e-gallery-image elementor-gallery-item__image\" data-thumbnail=\"https:\/\/ibnguyana.com\/wp-content\/uploads\/2021\/07\/pexels-jean-van-der-meulen-1559388-300x200.jpg\" data-width=\"300\" data-height=\"200\" aria-label=\"\" role=\"img\" ><\/div>\n\t\t\t\t\t\t\t\t\t\t\t<div class=\"elementor-gallery-item__overlay\"><\/div>\n\t\t\t\t\t\t\t\t\t\t\t\t\t\t<\/a>\n\t\t\t\t\t\t\t<a class=\"e-gallery-item elementor-gallery-item elementor-animated-content\" href=\"https:\/\/ibnguyana.com\/wp-content\/uploads\/2021\/07\/luxury-yacht-2431471_640.jpg\" data-elementor-open-lightbox=\"yes\" data-elementor-lightbox-slideshow=\"4db06c9\" data-elementor-lightbox-title=\"luxury-yacht-2431471_640\" data-e-action-hash=\"#elementor-action%3Aaction%3Dlightbox%26settings%3DeyJpZCI6MjA4OSwidXJsIjoiaHR0cHM6XC9cL2libmd1eWFuYS5jb21cL3dwLWNvbnRlbnRcL3VwbG9hZHNcLzIwMjFcLzA3XC9sdXh1cnkteWFjaHQtMjQzMTQ3MV82NDAuanBnIiwic2xpZGVzaG93IjoiNGRiMDZjOSJ9\">\n\t\t\t\t\t<div class=\"e-gallery-image elementor-gallery-item__image\" data-thumbnail=\"https:\/\/ibnguyana.com\/wp-content\/uploads\/2021\/07\/luxury-yacht-2431471_640-300x201.jpg\" data-width=\"300\" data-height=\"201\" aria-label=\"\" role=\"img\" ><\/div>\n\t\t\t\t\t\t\t\t\t\t\t<div class=\"elementor-gallery-item__overlay\"><\/div>\n\t\t\t\t\t\t\t\t\t\t\t\t\t\t<\/a>\n\t\t\t\t\t\t\t<a class=\"e-gallery-item elementor-gallery-item elementor-animated-content\" href=\"https:\/\/ibnguyana.com\/wp-content\/uploads\/2021\/07\/sailboat-1572874_640.jpg\" data-elementor-open-lightbox=\"yes\" data-elementor-lightbox-slideshow=\"4db06c9\" data-elementor-lightbox-title=\"sailboat-1572874_640\" data-e-action-hash=\"#elementor-action%3Aaction%3Dlightbox%26settings%3DeyJpZCI6MjA5MywidXJsIjoiaHR0cHM6XC9cL2libmd1eWFuYS5jb21cL3dwLWNvbnRlbnRcL3VwbG9hZHNcLzIwMjFcLzA3XC9zYWlsYm9hdC0xNTcyODc0XzY0MC5qcGciLCJzbGlkZXNob3ciOiI0ZGIwNmM5In0%3D\">\n\t\t\t\t\t<div class=\"e-gallery-image elementor-gallery-item__image\" data-thumbnail=\"https:\/\/ibnguyana.com\/wp-content\/uploads\/2021\/07\/sailboat-1572874_640-300x204.jpg\" data-width=\"300\" data-height=\"204\" aria-label=\"\" role=\"img\" ><\/div>\n\t\t\t\t\t\t\t\t\t\t\t<div class=\"elementor-gallery-item__overlay\"><\/div>\n\t\t\t\t\t\t\t\t\t\t\t\t\t\t<\/a>\n\t\t\t\t\t<\/div>\n\t\t\t\t\t<\/div>\n\t\t\t\t<\/div>\n\t\t\t\t<section class=\"elementor-section elementor-inner-section elementor-element elementor-element-4a5f0548 elementor-section-boxed elementor-section-height-default elementor-section-height-default\" data-id=\"4a5f0548\" data-element_type=\"section\">\n\t\t\t\t\t\t<div class=\"elementor-container elementor-column-gap-default\">\n\t\t\t\t\t<div class=\"elementor-column elementor-col-50 elementor-inner-column elementor-element elementor-element-104175e\" data-id=\"104175e\" data-element_type=\"column\">\n\t\t\t<div class=\"elementor-widget-wrap elementor-element-populated\">\n\t\t\t\t\t\t<div class=\"elementor-element elementor-element-3b1804e6 elementor-widget elementor-widget-text-editor\" data-id=\"3b1804e6\" data-element_type=\"widget\" data-widget_type=\"text-editor.default\">\n\t\t\t\t<div class=\"elementor-widget-container\">\n\t\t\t\t\t\t\t\t\t<p><b>Oportunidades\u00a0<\/b><\/p>\t\t\t\t\t\t\t\t<\/div>\n\t\t\t\t<\/div>\n\t\t\t\t\t<\/div>\n\t\t<\/div>\n\t\t\t\t<div class=\"elementor-column elementor-col-50 elementor-inner-column elementor-element elementor-element-6604dfae\" data-id=\"6604dfae\" data-element_type=\"column\">\n\t\t\t<div class=\"elementor-widget-wrap elementor-element-populated\">\n\t\t\t\t\t\t<div class=\"elementor-element elementor-element-91ed663 elementor-widget elementor-widget-text-editor\" data-id=\"91ed663\" data-element_type=\"widget\" data-widget_type=\"text-editor.default\">\n\t\t\t\t<div class=\"elementor-widget-container\">\n\t\t\t\t\t\t\t\t\t<ul><li style=\"font-weight: 400;\" aria-level=\"1\"><span style=\"font-weight: 400;\">Desarrollo de la zona de Kaieteur Park..<\/span><\/li><li style=\"font-weight: 400;\" aria-level=\"1\"><span style=\"font-weight: 400;\">Instalaciones y actividades recreativas (rafting, navegaci\u00f3n, tenis, equitaci\u00f3n y golf).<\/span><\/li><li style=\"font-weight: 400;\" aria-level=\"1\"><span style=\"font-weight: 400;\">Alojamiento (eco-lodges o resorts) en el interior.<\/span><\/li><li style=\"font-weight: 400;\" aria-level=\"1\"><span style=\"font-weight: 400;\">Instalaciones y servicios de apoyo al mercado, como la observaci\u00f3n de aves, la navegaci\u00f3n a vela y la pesca de altura o fluvial.<\/span><\/li><\/ul>\t\t\t\t\t\t\t\t<\/div>\n\t\t\t\t<\/div>\n\t\t\t\t\t<\/div>\n\t\t<\/div>\n\t\t\t\t\t<\/div>\n\t\t<\/section>\n\t\t\t\t\t<\/div>\n\t\t<\/div>\n\t\t\t\t\t<\/div>\n\t\t<\/section>\n\t\t\t\t<section class=\"elementor-section elementor-top-section elementor-element elementor-element-1494a74a elementor-section-content-middle elementor-section-boxed elementor-section-height-default elementor-section-height-default\" data-id=\"1494a74a\" data-element_type=\"section\">\n\t\t\t\t\t\t<div class=\"elementor-container elementor-column-gap-no\">\n\t\t\t\t\t<div class=\"elementor-column elementor-col-50 elementor-top-column elementor-element elementor-element-72b877ae\" data-id=\"72b877ae\" data-element_type=\"column\">\n\t\t\t<div class=\"elementor-widget-wrap elementor-element-populated\">\n\t\t\t\t\t\t<div class=\"elementor-element elementor-element-43c76123 elementor-widget elementor-widget-heading\" data-id=\"43c76123\" data-element_type=\"widget\" data-widget_type=\"heading.default\">\n\t\t\t\t<div class=\"elementor-widget-container\">\n\t\t\t\t\t<h2 class=\"elementor-heading-title elementor-size-default\">\u00bfSe sinti\u00f3 interesado en invertir en el sector de viajes y turismo en Guyana? Cont\u00e1ctenos para preguntas o para obtener m\u00e1s informaci\u00f3n.<\/h2>\t\t\t\t<\/div>\n\t\t\t\t<\/div>\n\t\t\t\t<div class=\"elementor-element elementor-element-7ae11c2 elementor-widget elementor-widget-text-editor\" data-id=\"7ae11c2\" data-element_type=\"widget\" data-widget_type=\"text-editor.default\">\n\t\t\t\t<div class=\"elementor-widget-container\">\n\t\t\t\t\t\t\t\t\t<p>Haga clic y cont\u00e1ctenos<\/p>\t\t\t\t\t\t\t\t<\/div>\n\t\t\t\t<\/div>\n\t\t\t\t\t<\/div>\n\t\t<\/div>\n\t\t\t\t<div class=\"elementor-column elementor-col-50 elementor-top-column elementor-element elementor-element-ba9e521\" data-id=\"ba9e521\" data-element_type=\"column\">\n\t\t\t<div class=\"elementor-widget-wrap elementor-element-populated\">\n\t\t\t\t\t\t<div class=\"elementor-element elementor-element-2a6a53ed elementor-align-right elementor-mobile-align-left elementor-widget elementor-widget-button\" data-id=\"2a6a53ed\" data-element_type=\"widget\" data-widget_type=\"button.default\">\n\t\t\t\t<div class=\"elementor-widget-container\">\n\t\t\t\t\t\t\t\t\t<div class=\"elementor-button-wrapper\">\n\t\t\t\t\t<a class=\"elementor-button elementor-button-link elementor-size-sm elementor-animation-grow\" href=\"https:\/\/ibnguyana.com\/contact-us\/\">\n\t\t\t\t\t\t<span class=\"elementor-button-content-wrapper\">\n\t\t\t\t\t\t\t\t\t<span class=\"elementor-button-text\">Contacta para saber m\u00e1s<\/span>\n\t\t\t\t\t<\/span>\n\t\t\t\t\t<\/a>\n\t\t\t\t<\/div>\n\t\t\t\t\t\t\t\t<\/div>\n\t\t\t\t<\/div>\n\t\t\t\t\t<\/div>\n\t\t<\/div>\n\t\t\t\t\t<\/div>\n\t\t<\/section>\n\t\t\t\t<\/div>\n\t\t","protected":false},"excerpt":{"rendered":"<p>TRAVEL AND TOURISM Guyana ofrece una experiencia distinta para el mercado tur\u00edstico, gracias a sus vastos espacios abiertos, sabanas, selvas v\u00edrgenes, monta\u00f1as y enormes rios y cascadas, la m\u00e1s famosa de las cuales es la majestuosa Kaieteur Falls, conocida por ser la cascada de una sola ca\u00edda m\u00e1s alta del mundo y cinco veces m\u00e1s [&hellip;]<\/p>\n","protected":false},"author":4,"featured_media":0,"parent":2125,"menu_order":0,"comment_status":"closed","ping_status":"closed","template":"","meta":{"footnotes":""},"class_list":["post-2148","page","type-page","status-publish","hentry"],"acf":[],"yoast_head":"<!-- This site is optimized with the Yoast SEO Premium plugin v21.8 (Yoast SEO v21.8.1) - https:\/\/yoast.com\/wordpress\/plugins\/seo\/ -->\n<title>\u00c1reas de inversi\u00f3n en Guyana - Viajes y turismo - IBN Guyana - Intelligent Business Network<\/title>\n<meta name=\"robots\" content=\"index, follow, max-snippet:-1, max-image-preview:large, max-video-preview:-1\" \/>\n<link rel=\"canonical\" href=\"https:\/\/ibnguyana.com\/es\/servicios\/areas-de-inversion-3\/areas-de-inversion-en-guyana-viajes-y-turismo\/\" \/>\n<meta property=\"og:locale\" content=\"es_ES\" \/>\n<meta property=\"og:type\" content=\"article\" \/>\n<meta property=\"og:title\" content=\"\u00c1reas de inversi\u00f3n en Guyana - Viajes y turismo\" \/>\n<meta property=\"og:description\" content=\"TRAVEL AND TOURISM Guyana ofrece una experiencia distinta para el mercado tur\u00edstico, gracias a sus vastos espacios abiertos, sabanas, selvas v\u00edrgenes, monta\u00f1as y enormes rios y cascadas, la m\u00e1s famosa de las cuales es la majestuosa Kaieteur Falls, conocida por ser la cascada de una sola ca\u00edda m\u00e1s alta del mundo y cinco veces m\u00e1s [&hellip;]\" \/>\n<meta property=\"og:url\" content=\"https:\/\/ibnguyana.com\/es\/servicios\/areas-de-inversion-3\/areas-de-inversion-en-guyana-viajes-y-turismo\/\" \/>\n<meta property=\"og:site_name\" content=\"IBN Guyana - Intelligent Business Network\" \/>\n<meta property=\"article:publisher\" content=\"https:\/\/www.facebook.com\/ibn.guyana\" \/>\n<meta property=\"article:modified_time\" content=\"2021-07-04T05:37:09+00:00\" \/>\n<meta property=\"og:image\" content=\"http:\/\/ibnguyana.com\/wp-content\/uploads\/2021\/07\/waterfalls-5089714_640.jpg\" \/>\n<meta name=\"twitter:card\" content=\"summary_large_image\" \/>\n<meta name=\"twitter:label1\" content=\"Tiempo de lectura\" \/>\n\t<meta name=\"twitter:data1\" content=\"2 minutos\" \/>\n<script type=\"application\/ld+json\" class=\"yoast-schema-graph\">{\"@context\":\"https:\/\/schema.org\",\"@graph\":[{\"@type\":\"WebPage\",\"@id\":\"https:\/\/ibnguyana.com\/es\/servicios\/areas-de-inversion-3\/areas-de-inversion-en-guyana-viajes-y-turismo\/\",\"url\":\"https:\/\/ibnguyana.com\/es\/servicios\/areas-de-inversion-3\/areas-de-inversion-en-guyana-viajes-y-turismo\/\",\"name\":\"\u00c1reas de inversi\u00f3n en Guyana - Viajes y turismo - IBN Guyana - Intelligent Business Network\",\"isPartOf\":{\"@id\":\"https:\/\/ibnguyana.com\/#website\"},\"datePublished\":\"2021-07-04T05:33:17+00:00\",\"dateModified\":\"2021-07-04T05:37:09+00:00\",\"breadcrumb\":{\"@id\":\"https:\/\/ibnguyana.com\/es\/servicios\/areas-de-inversion-3\/areas-de-inversion-en-guyana-viajes-y-turismo\/#breadcrumb\"},\"inLanguage\":\"es\",\"potentialAction\":[{\"@type\":\"ReadAction\",\"target\":[\"https:\/\/ibnguyana.com\/es\/servicios\/areas-de-inversion-3\/areas-de-inversion-en-guyana-viajes-y-turismo\/\"]}]},{\"@type\":\"BreadcrumbList\",\"@id\":\"https:\/\/ibnguyana.com\/es\/servicios\/areas-de-inversion-3\/areas-de-inversion-en-guyana-viajes-y-turismo\/#breadcrumb\",\"itemListElement\":[{\"@type\":\"ListItem\",\"position\":1,\"name\":\"In\u00edcio\",\"item\":\"https:\/\/ibnguyana.com\/es\/home-2\/\"},{\"@type\":\"ListItem\",\"position\":2,\"name\":\"Servicios\",\"item\":\"https:\/\/ibnguyana.com\/es\/servicios\/\"},{\"@type\":\"ListItem\",\"position\":3,\"name\":\"Areas de Inversion\",\"item\":\"https:\/\/ibnguyana.com\/es\/servicios\/areas-de-inversion-3\/\"},{\"@type\":\"ListItem\",\"position\":4,\"name\":\"\u00c1reas de inversi\u00f3n en Guyana &#8211; Viajes y turismo\"}]},{\"@type\":\"WebSite\",\"@id\":\"https:\/\/ibnguyana.com\/#website\",\"url\":\"https:\/\/ibnguyana.com\/\",\"name\":\"IBN Guyana - Intelligent Business Network\",\"description\":\"IBN is an organization that aims to provide solutions provider for an Intelligent Business Network in Guyana, connecting investors and business\",\"potentialAction\":[{\"@type\":\"SearchAction\",\"target\":{\"@type\":\"EntryPoint\",\"urlTemplate\":\"https:\/\/ibnguyana.com\/?s={search_term_string}\"},\"query-input\":\"required name=search_term_string\"}],\"inLanguage\":\"es\"}]}<\/script>\n<!-- \/ Yoast SEO Premium plugin. -->","yoast_head_json":{"title":"\u00c1reas de inversi\u00f3n en Guyana - Viajes y turismo - IBN Guyana - Intelligent Business Network","robots":{"index":"index","follow":"follow","max-snippet":"max-snippet:-1","max-image-preview":"max-image-preview:large","max-video-preview":"max-video-preview:-1"},"canonical":"https:\/\/ibnguyana.com\/es\/servicios\/areas-de-inversion-3\/areas-de-inversion-en-guyana-viajes-y-turismo\/","og_locale":"es_ES","og_type":"article","og_title":"\u00c1reas de inversi\u00f3n en Guyana - Viajes y turismo","og_description":"TRAVEL AND TOURISM Guyana ofrece una experiencia distinta para el mercado tur\u00edstico, gracias a sus vastos espacios abiertos, sabanas, selvas v\u00edrgenes, monta\u00f1as y enormes rios y cascadas, la m\u00e1s famosa de las cuales es la majestuosa Kaieteur Falls, conocida por ser la cascada de una sola ca\u00edda m\u00e1s alta del mundo y cinco veces m\u00e1s [&hellip;]","og_url":"https:\/\/ibnguyana.com\/es\/servicios\/areas-de-inversion-3\/areas-de-inversion-en-guyana-viajes-y-turismo\/","og_site_name":"IBN Guyana - Intelligent Business Network","article_publisher":"https:\/\/www.facebook.com\/ibn.guyana","article_modified_time":"2021-07-04T05:37:09+00:00","og_image":[{"url":"http:\/\/ibnguyana.com\/wp-content\/uploads\/2021\/07\/waterfalls-5089714_640.jpg"}],"twitter_card":"summary_large_image","twitter_misc":{"Tiempo de lectura":"2 minutos"},"schema":{"@context":"https:\/\/schema.org","@graph":[{"@type":"WebPage","@id":"https:\/\/ibnguyana.com\/es\/servicios\/areas-de-inversion-3\/areas-de-inversion-en-guyana-viajes-y-turismo\/","url":"https:\/\/ibnguyana.com\/es\/servicios\/areas-de-inversion-3\/areas-de-inversion-en-guyana-viajes-y-turismo\/","name":"\u00c1reas de inversi\u00f3n en Guyana - Viajes y turismo - IBN Guyana - Intelligent Business Network","isPartOf":{"@id":"https:\/\/ibnguyana.com\/#website"},"datePublished":"2021-07-04T05:33:17+00:00","dateModified":"2021-07-04T05:37:09+00:00","breadcrumb":{"@id":"https:\/\/ibnguyana.com\/es\/servicios\/areas-de-inversion-3\/areas-de-inversion-en-guyana-viajes-y-turismo\/#breadcrumb"},"inLanguage":"es","potentialAction":[{"@type":"ReadAction","target":["https:\/\/ibnguyana.com\/es\/servicios\/areas-de-inversion-3\/areas-de-inversion-en-guyana-viajes-y-turismo\/"]}]},{"@type":"BreadcrumbList","@id":"https:\/\/ibnguyana.com\/es\/servicios\/areas-de-inversion-3\/areas-de-inversion-en-guyana-viajes-y-turismo\/#breadcrumb","itemListElement":[{"@type":"ListItem","position":1,"name":"In\u00edcio","item":"https:\/\/ibnguyana.com\/es\/home-2\/"},{"@type":"ListItem","position":2,"name":"Servicios","item":"https:\/\/ibnguyana.com\/es\/servicios\/"},{"@type":"ListItem","position":3,"name":"Areas de Inversion","item":"https:\/\/ibnguyana.com\/es\/servicios\/areas-de-inversion-3\/"},{"@type":"ListItem","position":4,"name":"\u00c1reas de inversi\u00f3n en Guyana &#8211; Viajes y turismo"}]},{"@type":"WebSite","@id":"https:\/\/ibnguyana.com\/#website","url":"https:\/\/ibnguyana.com\/","name":"IBN Guyana - Intelligent Business Network","description":"IBN is an organization that aims to provide solutions provider for an Intelligent Business Network in Guyana, connecting investors and business","potentialAction":[{"@type":"SearchAction","target":{"@type":"EntryPoint","urlTemplate":"https:\/\/ibnguyana.com\/?s={search_term_string}"},"query-input":"required name=search_term_string"}],"inLanguage":"es"}]}},"_links":{"self":[{"href":"https:\/\/ibnguyana.com\/es\/wp-json\/wp\/v2\/pages\/2148","targetHints":{"allow":["GET"]}}],"collection":[{"href":"https:\/\/ibnguyana.com\/es\/wp-json\/wp\/v2\/pages"}],"about":[{"href":"https:\/\/ibnguyana.com\/es\/wp-json\/wp\/v2\/types\/page"}],"author":[{"embeddable":true,"href":"https:\/\/ibnguyana.com\/es\/wp-json\/wp\/v2\/users\/4"}],"replies":[{"embeddable":true,"href":"https:\/\/ibnguyana.com\/es\/wp-json\/wp\/v2\/comments?post=2148"}],"version-history":[{"count":2,"href":"https:\/\/ibnguyana.com\/es\/wp-json\/wp\/v2\/pages\/2148\/revisions"}],"predecessor-version":[{"id":2150,"href":"https:\/\/ibnguyana.com\/es\/wp-json\/wp\/v2\/pages\/2148\/revisions\/2150"}],"up":[{"embeddable":true,"href":"https:\/\/ibnguyana.com\/es\/wp-json\/wp\/v2\/pages\/2125"}],"wp:attachment":[{"href":"https:\/\/ibnguyana.com\/es\/wp-json\/wp\/v2\/media?parent=2148"}],"curies":[{"name":"wp","href":"https:\/\/api.w.org\/{rel}","templated":true}]}}