{"id":2143,"date":"2021-07-04T05:27:22","date_gmt":"2021-07-04T05:27:22","guid":{"rendered":"https:\/\/ibnguyana.com\/?page_id=2143"},"modified":"2021-07-04T05:31:15","modified_gmt":"2021-07-04T05:31:15","slug":"areas-de-inversion-en-guyana-mineria","status":"publish","type":"page","link":"https:\/\/ibnguyana.com\/es\/servicios\/areas-de-inversion-3\/areas-de-inversion-en-guyana-mineria\/","title":{"rendered":"\u00c1reas de inversi\u00f3n en Guyana &#8211; Miner\u00eda"},"content":{"rendered":"\t\t<div data-elementor-type=\"wp-page\" data-elementor-id=\"2143\" class=\"elementor elementor-2143\" data-elementor-post-type=\"page\">\n\t\t\t\t\t\t<section class=\"elementor-section elementor-top-section elementor-element elementor-element-6fd0a61 elementor-section-content-middle elementor-section-boxed elementor-section-height-default elementor-section-height-default\" data-id=\"6fd0a61\" data-element_type=\"section\">\n\t\t\t\t\t\t<div class=\"elementor-container elementor-column-gap-no\">\n\t\t\t\t\t<div class=\"elementor-column elementor-col-100 elementor-top-column elementor-element elementor-element-778fed20\" data-id=\"778fed20\" data-element_type=\"column\">\n\t\t\t<div class=\"elementor-widget-wrap elementor-element-populated\">\n\t\t\t\t\t\t<div class=\"elementor-element elementor-element-2abc02e4 elementor-widget elementor-widget-image\" data-id=\"2abc02e4\" data-element_type=\"widget\" data-widget_type=\"image.default\">\n\t\t\t\t<div class=\"elementor-widget-container\">\n\t\t\t\t\t\t\t\t\t\t\t\t\t\t\t<img fetchpriority=\"high\" decoding=\"async\" width=\"2560\" height=\"929\" src=\"https:\/\/ibnguyana.com\/wp-content\/uploads\/2021\/07\/michal-pech-er5UYZIjKFE-unsplash-scaled.jpg\" class=\"attachment-full size-full wp-image-2060\" alt=\"mining-invest-guyana-investment\" srcset=\"https:\/\/ibnguyana.com\/wp-content\/uploads\/2021\/07\/michal-pech-er5UYZIjKFE-unsplash-scaled.jpg 2560w, https:\/\/ibnguyana.com\/wp-content\/uploads\/2021\/07\/michal-pech-er5UYZIjKFE-unsplash-300x109.jpg 300w, https:\/\/ibnguyana.com\/wp-content\/uploads\/2021\/07\/michal-pech-er5UYZIjKFE-unsplash-1024x372.jpg 1024w, https:\/\/ibnguyana.com\/wp-content\/uploads\/2021\/07\/michal-pech-er5UYZIjKFE-unsplash-768x279.jpg 768w, https:\/\/ibnguyana.com\/wp-content\/uploads\/2021\/07\/michal-pech-er5UYZIjKFE-unsplash-1536x557.jpg 1536w, https:\/\/ibnguyana.com\/wp-content\/uploads\/2021\/07\/michal-pech-er5UYZIjKFE-unsplash-2048x743.jpg 2048w\" sizes=\"(max-width: 2560px) 100vw, 2560px\" \/>\t\t\t\t\t\t\t\t\t\t\t\t\t\t\t<\/div>\n\t\t\t\t<\/div>\n\t\t\t\t<div class=\"elementor-element elementor-element-2b74a3c9 elementor-widget elementor-widget-heading\" data-id=\"2b74a3c9\" data-element_type=\"widget\" data-widget_type=\"heading.default\">\n\t\t\t\t<div class=\"elementor-widget-container\">\n\t\t\t\t\t<h3 class=\"elementor-heading-title elementor-size-default\">Areas de Inversi\u00f3n - Mineria<\/h3>\t\t\t\t<\/div>\n\t\t\t\t<\/div>\n\t\t\t\t<div class=\"elementor-element elementor-element-3a38f2d4 elementor-widget elementor-widget-text-editor\" data-id=\"3a38f2d4\" data-element_type=\"widget\" data-widget_type=\"text-editor.default\">\n\t\t\t\t<div class=\"elementor-widget-container\">\n\t\t\t\t\t\t\t\t\t<p><span style=\"font-weight: 400;\">Situado em el rico mineral de Guyana, este pa\u00eds ha atra\u00eddo el inter\u00e9s internacional de las mayores empresas mineras del mundo. Aunque el sector minero se centra principalmente en el oro, la bauxita, y los diamantes, Guyana tambi\u00e9n continene yacimientos de piedras semipreciosas, caol\u00edn, arena de s\u00edlice, piedra de jab\u00f3n, cianita, feldspato, mica, ilmenita, laterita, minerales radiactivos de manganeso, cobre, molibdeno, tungsteno, hierro y n\u00edquel, entre otros.\u00a0<\/span><\/p><p><span style=\"font-weight: 400;\">Guyana produce bauxita refractaria de grado A de alto valor, que no se produce em ning\u00fan outro lugar excepto em China. Seg\u00fan el Banco Mundial, la mineria desempe\u00f1a un papel crucial en el aumento de los niveles de renta y el impulso del crecimiento econ\u00f4mico en Guyana.<\/span><\/p><p>\u00a0<\/p>\t\t\t\t\t\t\t\t<\/div>\n\t\t\t\t<\/div>\n\t\t\t\t<section class=\"elementor-section elementor-inner-section elementor-element elementor-element-4a5f0548 elementor-section-boxed elementor-section-height-default elementor-section-height-default\" data-id=\"4a5f0548\" data-element_type=\"section\">\n\t\t\t\t\t\t<div class=\"elementor-container elementor-column-gap-default\">\n\t\t\t\t\t<div class=\"elementor-column elementor-col-50 elementor-inner-column elementor-element elementor-element-104175e\" data-id=\"104175e\" data-element_type=\"column\">\n\t\t\t<div class=\"elementor-widget-wrap elementor-element-populated\">\n\t\t\t\t\t\t<div class=\"elementor-element elementor-element-3b1804e6 elementor-widget elementor-widget-text-editor\" data-id=\"3b1804e6\" data-element_type=\"widget\" data-widget_type=\"text-editor.default\">\n\t\t\t\t<div class=\"elementor-widget-container\">\n\t\t\t\t\t\t\t\t\t<p><b>Oportunidades\u00a0<\/b><\/p>\t\t\t\t\t\t\t\t<\/div>\n\t\t\t\t<\/div>\n\t\t\t\t\t<\/div>\n\t\t<\/div>\n\t\t\t\t<div class=\"elementor-column elementor-col-50 elementor-inner-column elementor-element elementor-element-6604dfae\" data-id=\"6604dfae\" data-element_type=\"column\">\n\t\t\t<div class=\"elementor-widget-wrap elementor-element-populated\">\n\t\t\t\t\t\t<div class=\"elementor-element elementor-element-91ed663 elementor-widget elementor-widget-text-editor\" data-id=\"91ed663\" data-element_type=\"widget\" data-widget_type=\"text-editor.default\">\n\t\t\t\t<div class=\"elementor-widget-container\">\n\t\t\t\t\t\t\t\t\t<ul><li style=\"font-weight: 400;\" aria-level=\"1\"><span style=\"font-weight: 400;\">Suministro de equipos de miner\u00eda.\u00a0<\/span><\/li><li style=\"font-weight: 400;\" aria-level=\"1\"><span style=\"font-weight: 400;\">Grandes inversiones para la ind\u00fastria minera, especialmente en las \u00e1reas del oro y La bauxita, con fines de exploraci\u00f3n y para mejorar la efici\u00eancia y la productividad de las operaciones<\/span><\/li><\/ul><ul><li aria-level=\"1\"><span style=\"font-weight: 400;\">En el \u00e1mbito de los serv\u00edcios, se necesitan laborat\u00f3rios de procesamiento y empresas de perforaci\u00f3n.<\/span><\/li><\/ul><p>\u00a0<\/p>\t\t\t\t\t\t\t\t<\/div>\n\t\t\t\t<\/div>\n\t\t\t\t\t<\/div>\n\t\t<\/div>\n\t\t\t\t\t<\/div>\n\t\t<\/section>\n\t\t\t\t\t<\/div>\n\t\t<\/div>\n\t\t\t\t\t<\/div>\n\t\t<\/section>\n\t\t\t\t<section class=\"elementor-section elementor-top-section elementor-element elementor-element-1494a74a elementor-section-content-middle elementor-section-boxed elementor-section-height-default elementor-section-height-default\" data-id=\"1494a74a\" data-element_type=\"section\">\n\t\t\t\t\t\t<div class=\"elementor-container elementor-column-gap-no\">\n\t\t\t\t\t<div class=\"elementor-column elementor-col-50 elementor-top-column elementor-element elementor-element-72b877ae\" data-id=\"72b877ae\" data-element_type=\"column\">\n\t\t\t<div class=\"elementor-widget-wrap elementor-element-populated\">\n\t\t\t\t\t\t<div class=\"elementor-element elementor-element-43c76123 elementor-widget elementor-widget-heading\" data-id=\"43c76123\" data-element_type=\"widget\" data-widget_type=\"heading.default\">\n\t\t\t\t<div class=\"elementor-widget-container\">\n\t\t\t\t\t<h2 class=\"elementor-heading-title elementor-size-default\">\u00bfSe sinti\u00f3 interesado en invertir en el sector minero en Guyana? Cont\u00e1ctenos para preguntas o para obtener m\u00e1s informaci\u00f3n.<\/h2>\t\t\t\t<\/div>\n\t\t\t\t<\/div>\n\t\t\t\t<div class=\"elementor-element elementor-element-7ae11c2 elementor-widget elementor-widget-text-editor\" data-id=\"7ae11c2\" data-element_type=\"widget\" data-widget_type=\"text-editor.default\">\n\t\t\t\t<div class=\"elementor-widget-container\">\n\t\t\t\t\t\t\t\t\t<p>Haga clic y cont\u00e1ctenos<\/p>\t\t\t\t\t\t\t\t<\/div>\n\t\t\t\t<\/div>\n\t\t\t\t\t<\/div>\n\t\t<\/div>\n\t\t\t\t<div class=\"elementor-column elementor-col-50 elementor-top-column elementor-element elementor-element-ba9e521\" data-id=\"ba9e521\" data-element_type=\"column\">\n\t\t\t<div class=\"elementor-widget-wrap elementor-element-populated\">\n\t\t\t\t\t\t<div class=\"elementor-element elementor-element-2a6a53ed elementor-align-right elementor-mobile-align-left elementor-widget elementor-widget-button\" data-id=\"2a6a53ed\" data-element_type=\"widget\" data-widget_type=\"button.default\">\n\t\t\t\t<div class=\"elementor-widget-container\">\n\t\t\t\t\t\t\t\t\t<div class=\"elementor-button-wrapper\">\n\t\t\t\t\t<a class=\"elementor-button elementor-button-link elementor-size-sm elementor-animation-grow\" href=\"https:\/\/ibnguyana.com\/es\/contactos\/\">\n\t\t\t\t\t\t<span class=\"elementor-button-content-wrapper\">\n\t\t\t\t\t\t\t\t\t<span class=\"elementor-button-text\">Contacta para saber m\u00e1s<\/span>\n\t\t\t\t\t<\/span>\n\t\t\t\t\t<\/a>\n\t\t\t\t<\/div>\n\t\t\t\t\t\t\t\t<\/div>\n\t\t\t\t<\/div>\n\t\t\t\t\t<\/div>\n\t\t<\/div>\n\t\t\t\t\t<\/div>\n\t\t<\/section>\n\t\t\t\t<\/div>\n\t\t","protected":false},"excerpt":{"rendered":"<p>Areas de Inversi\u00f3n &#8211; Mineria Situado em el rico mineral de Guyana, este pa\u00eds ha atra\u00eddo el inter\u00e9s internacional de las mayores empresas mineras del mundo. Aunque el sector minero se centra principalmente en el oro, la bauxita, y los diamantes, Guyana tambi\u00e9n continene yacimientos de piedras semipreciosas, caol\u00edn, arena de s\u00edlice, piedra de jab\u00f3n, [&hellip;]<\/p>\n","protected":false},"author":4,"featured_media":0,"parent":2125,"menu_order":0,"comment_status":"closed","ping_status":"closed","template":"","meta":{"footnotes":""},"class_list":["post-2143","page","type-page","status-publish","hentry"],"acf":[],"yoast_head":"<!-- This site is optimized with the Yoast SEO Premium plugin v21.8 (Yoast SEO v21.8.1) - https:\/\/yoast.com\/wordpress\/plugins\/seo\/ -->\n<title>\u00c1reas de inversi\u00f3n en Guyana - Miner\u00eda - IBN Guyana - Intelligent Business Network<\/title>\n<meta name=\"robots\" content=\"index, follow, max-snippet:-1, max-image-preview:large, max-video-preview:-1\" \/>\n<link rel=\"canonical\" href=\"https:\/\/ibnguyana.com\/es\/servicios\/areas-de-inversion-3\/areas-de-inversion-en-guyana-mineria\/\" \/>\n<meta property=\"og:locale\" content=\"es_ES\" \/>\n<meta property=\"og:type\" content=\"article\" \/>\n<meta property=\"og:title\" content=\"\u00c1reas de inversi\u00f3n en Guyana - Miner\u00eda\" \/>\n<meta property=\"og:description\" content=\"Areas de Inversi\u00f3n &#8211; Mineria Situado em el rico mineral de Guyana, este pa\u00eds ha atra\u00eddo el inter\u00e9s internacional de las mayores empresas mineras del mundo. Aunque el sector minero se centra principalmente en el oro, la bauxita, y los diamantes, Guyana tambi\u00e9n continene yacimientos de piedras semipreciosas, caol\u00edn, arena de s\u00edlice, piedra de jab\u00f3n, [&hellip;]\" \/>\n<meta property=\"og:url\" content=\"https:\/\/ibnguyana.com\/es\/servicios\/areas-de-inversion-3\/areas-de-inversion-en-guyana-mineria\/\" \/>\n<meta property=\"og:site_name\" content=\"IBN Guyana - Intelligent Business Network\" \/>\n<meta property=\"article:publisher\" content=\"https:\/\/www.facebook.com\/ibn.guyana\" \/>\n<meta property=\"article:modified_time\" content=\"2021-07-04T05:31:15+00:00\" \/>\n<meta property=\"og:image\" content=\"http:\/\/ibnguyana.com\/wp-content\/uploads\/2021\/07\/michal-pech-er5UYZIjKFE-unsplash-scaled.jpg\" \/>\n<meta name=\"twitter:card\" content=\"summary_large_image\" \/>\n<meta name=\"twitter:label1\" content=\"Tiempo de lectura\" \/>\n\t<meta name=\"twitter:data1\" content=\"2 minutos\" \/>\n<script type=\"application\/ld+json\" class=\"yoast-schema-graph\">{\"@context\":\"https:\/\/schema.org\",\"@graph\":[{\"@type\":\"WebPage\",\"@id\":\"https:\/\/ibnguyana.com\/es\/servicios\/areas-de-inversion-3\/areas-de-inversion-en-guyana-mineria\/\",\"url\":\"https:\/\/ibnguyana.com\/es\/servicios\/areas-de-inversion-3\/areas-de-inversion-en-guyana-mineria\/\",\"name\":\"\u00c1reas de inversi\u00f3n en Guyana - Miner\u00eda - IBN Guyana - Intelligent Business Network\",\"isPartOf\":{\"@id\":\"https:\/\/ibnguyana.com\/#website\"},\"datePublished\":\"2021-07-04T05:27:22+00:00\",\"dateModified\":\"2021-07-04T05:31:15+00:00\",\"breadcrumb\":{\"@id\":\"https:\/\/ibnguyana.com\/es\/servicios\/areas-de-inversion-3\/areas-de-inversion-en-guyana-mineria\/#breadcrumb\"},\"inLanguage\":\"es\",\"potentialAction\":[{\"@type\":\"ReadAction\",\"target\":[\"https:\/\/ibnguyana.com\/es\/servicios\/areas-de-inversion-3\/areas-de-inversion-en-guyana-mineria\/\"]}]},{\"@type\":\"BreadcrumbList\",\"@id\":\"https:\/\/ibnguyana.com\/es\/servicios\/areas-de-inversion-3\/areas-de-inversion-en-guyana-mineria\/#breadcrumb\",\"itemListElement\":[{\"@type\":\"ListItem\",\"position\":1,\"name\":\"In\u00edcio\",\"item\":\"https:\/\/ibnguyana.com\/es\/home-2\/\"},{\"@type\":\"ListItem\",\"position\":2,\"name\":\"Servicios\",\"item\":\"https:\/\/ibnguyana.com\/es\/servicios\/\"},{\"@type\":\"ListItem\",\"position\":3,\"name\":\"Areas de Inversion\",\"item\":\"https:\/\/ibnguyana.com\/es\/servicios\/areas-de-inversion-3\/\"},{\"@type\":\"ListItem\",\"position\":4,\"name\":\"\u00c1reas de inversi\u00f3n en Guyana &#8211; Miner\u00eda\"}]},{\"@type\":\"WebSite\",\"@id\":\"https:\/\/ibnguyana.com\/#website\",\"url\":\"https:\/\/ibnguyana.com\/\",\"name\":\"IBN Guyana - Intelligent Business Network\",\"description\":\"IBN is an organization that aims to provide solutions provider for an Intelligent Business Network in Guyana, connecting investors and business\",\"potentialAction\":[{\"@type\":\"SearchAction\",\"target\":{\"@type\":\"EntryPoint\",\"urlTemplate\":\"https:\/\/ibnguyana.com\/?s={search_term_string}\"},\"query-input\":\"required name=search_term_string\"}],\"inLanguage\":\"es\"}]}<\/script>\n<!-- \/ Yoast SEO Premium plugin. -->","yoast_head_json":{"title":"\u00c1reas de inversi\u00f3n en Guyana - Miner\u00eda - IBN Guyana - Intelligent Business Network","robots":{"index":"index","follow":"follow","max-snippet":"max-snippet:-1","max-image-preview":"max-image-preview:large","max-video-preview":"max-video-preview:-1"},"canonical":"https:\/\/ibnguyana.com\/es\/servicios\/areas-de-inversion-3\/areas-de-inversion-en-guyana-mineria\/","og_locale":"es_ES","og_type":"article","og_title":"\u00c1reas de inversi\u00f3n en Guyana - Miner\u00eda","og_description":"Areas de Inversi\u00f3n &#8211; Mineria Situado em el rico mineral de Guyana, este pa\u00eds ha atra\u00eddo el inter\u00e9s internacional de las mayores empresas mineras del mundo. Aunque el sector minero se centra principalmente en el oro, la bauxita, y los diamantes, Guyana tambi\u00e9n continene yacimientos de piedras semipreciosas, caol\u00edn, arena de s\u00edlice, piedra de jab\u00f3n, [&hellip;]","og_url":"https:\/\/ibnguyana.com\/es\/servicios\/areas-de-inversion-3\/areas-de-inversion-en-guyana-mineria\/","og_site_name":"IBN Guyana - Intelligent Business Network","article_publisher":"https:\/\/www.facebook.com\/ibn.guyana","article_modified_time":"2021-07-04T05:31:15+00:00","og_image":[{"url":"http:\/\/ibnguyana.com\/wp-content\/uploads\/2021\/07\/michal-pech-er5UYZIjKFE-unsplash-scaled.jpg"}],"twitter_card":"summary_large_image","twitter_misc":{"Tiempo de lectura":"2 minutos"},"schema":{"@context":"https:\/\/schema.org","@graph":[{"@type":"WebPage","@id":"https:\/\/ibnguyana.com\/es\/servicios\/areas-de-inversion-3\/areas-de-inversion-en-guyana-mineria\/","url":"https:\/\/ibnguyana.com\/es\/servicios\/areas-de-inversion-3\/areas-de-inversion-en-guyana-mineria\/","name":"\u00c1reas de inversi\u00f3n en Guyana - Miner\u00eda - IBN Guyana - Intelligent Business Network","isPartOf":{"@id":"https:\/\/ibnguyana.com\/#website"},"datePublished":"2021-07-04T05:27:22+00:00","dateModified":"2021-07-04T05:31:15+00:00","breadcrumb":{"@id":"https:\/\/ibnguyana.com\/es\/servicios\/areas-de-inversion-3\/areas-de-inversion-en-guyana-mineria\/#breadcrumb"},"inLanguage":"es","potentialAction":[{"@type":"ReadAction","target":["https:\/\/ibnguyana.com\/es\/servicios\/areas-de-inversion-3\/areas-de-inversion-en-guyana-mineria\/"]}]},{"@type":"BreadcrumbList","@id":"https:\/\/ibnguyana.com\/es\/servicios\/areas-de-inversion-3\/areas-de-inversion-en-guyana-mineria\/#breadcrumb","itemListElement":[{"@type":"ListItem","position":1,"name":"In\u00edcio","item":"https:\/\/ibnguyana.com\/es\/home-2\/"},{"@type":"ListItem","position":2,"name":"Servicios","item":"https:\/\/ibnguyana.com\/es\/servicios\/"},{"@type":"ListItem","position":3,"name":"Areas de Inversion","item":"https:\/\/ibnguyana.com\/es\/servicios\/areas-de-inversion-3\/"},{"@type":"ListItem","position":4,"name":"\u00c1reas de inversi\u00f3n en Guyana &#8211; Miner\u00eda"}]},{"@type":"WebSite","@id":"https:\/\/ibnguyana.com\/#website","url":"https:\/\/ibnguyana.com\/","name":"IBN Guyana - Intelligent Business Network","description":"IBN is an organization that aims to provide solutions provider for an Intelligent Business Network in Guyana, connecting investors and business","potentialAction":[{"@type":"SearchAction","target":{"@type":"EntryPoint","urlTemplate":"https:\/\/ibnguyana.com\/?s={search_term_string}"},"query-input":"required name=search_term_string"}],"inLanguage":"es"}]}},"_links":{"self":[{"href":"https:\/\/ibnguyana.com\/es\/wp-json\/wp\/v2\/pages\/2143","targetHints":{"allow":["GET"]}}],"collection":[{"href":"https:\/\/ibnguyana.com\/es\/wp-json\/wp\/v2\/pages"}],"about":[{"href":"https:\/\/ibnguyana.com\/es\/wp-json\/wp\/v2\/types\/page"}],"author":[{"embeddable":true,"href":"https:\/\/ibnguyana.com\/es\/wp-json\/wp\/v2\/users\/4"}],"replies":[{"embeddable":true,"href":"https:\/\/ibnguyana.com\/es\/wp-json\/wp\/v2\/comments?post=2143"}],"version-history":[{"count":2,"href":"https:\/\/ibnguyana.com\/es\/wp-json\/wp\/v2\/pages\/2143\/revisions"}],"predecessor-version":[{"id":2145,"href":"https:\/\/ibnguyana.com\/es\/wp-json\/wp\/v2\/pages\/2143\/revisions\/2145"}],"up":[{"embeddable":true,"href":"https:\/\/ibnguyana.com\/es\/wp-json\/wp\/v2\/pages\/2125"}],"wp:attachment":[{"href":"https:\/\/ibnguyana.com\/es\/wp-json\/wp\/v2\/media?parent=2143"}],"curies":[{"name":"wp","href":"https:\/\/api.w.org\/{rel}","templated":true}]}}