{"id":2140,"date":"2021-07-04T05:21:55","date_gmt":"2021-07-04T05:21:55","guid":{"rendered":"https:\/\/ibnguyana.com\/?page_id=2140"},"modified":"2021-07-04T05:25:34","modified_gmt":"2021-07-04T05:25:34","slug":"areas-de-inversion-en-guyana-petroleo-y-gas","status":"publish","type":"page","link":"https:\/\/ibnguyana.com\/es\/servicios\/areas-de-inversion-3\/areas-de-inversion-en-guyana-petroleo-y-gas\/","title":{"rendered":"\u00c1reas de inversi\u00f3n en Guyana &#8211; Petr\u00f3leo y Gas"},"content":{"rendered":"\t\t<div data-elementor-type=\"wp-page\" data-elementor-id=\"2140\" class=\"elementor elementor-2140\" data-elementor-post-type=\"page\">\n\t\t\t\t\t\t<section class=\"elementor-section elementor-top-section elementor-element elementor-element-6fd0a61 elementor-section-content-middle elementor-section-boxed elementor-section-height-default elementor-section-height-default\" data-id=\"6fd0a61\" data-element_type=\"section\">\n\t\t\t\t\t\t<div class=\"elementor-container elementor-column-gap-no\">\n\t\t\t\t\t<div class=\"elementor-column elementor-col-100 elementor-top-column elementor-element elementor-element-778fed20\" data-id=\"778fed20\" data-element_type=\"column\">\n\t\t\t<div class=\"elementor-widget-wrap elementor-element-populated\">\n\t\t\t\t\t\t<div class=\"elementor-element elementor-element-2abc02e4 elementor-widget elementor-widget-image\" data-id=\"2abc02e4\" data-element_type=\"widget\" data-widget_type=\"image.default\">\n\t\t\t\t<div class=\"elementor-widget-container\">\n\t\t\t\t\t\t\t\t\t\t\t\t\t\t\t<img fetchpriority=\"high\" decoding=\"async\" width=\"940\" height=\"350\" src=\"https:\/\/ibnguyana.com\/wp-content\/uploads\/2021\/07\/Liza-Destiny_16.9_12589-940x350-1.jpg\" class=\"attachment-full size-full wp-image-2048\" alt=\"oil-gas-petroleum-guyana-ibn\" srcset=\"https:\/\/ibnguyana.com\/wp-content\/uploads\/2021\/07\/Liza-Destiny_16.9_12589-940x350-1.jpg 940w, https:\/\/ibnguyana.com\/wp-content\/uploads\/2021\/07\/Liza-Destiny_16.9_12589-940x350-1-300x112.jpg 300w, https:\/\/ibnguyana.com\/wp-content\/uploads\/2021\/07\/Liza-Destiny_16.9_12589-940x350-1-768x286.jpg 768w\" sizes=\"(max-width: 940px) 100vw, 940px\" \/>\t\t\t\t\t\t\t\t\t\t\t\t\t\t\t<\/div>\n\t\t\t\t<\/div>\n\t\t\t\t<div class=\"elementor-element elementor-element-2b74a3c9 elementor-widget elementor-widget-heading\" data-id=\"2b74a3c9\" data-element_type=\"widget\" data-widget_type=\"heading.default\">\n\t\t\t\t<div class=\"elementor-widget-container\">\n\t\t\t\t\t<h3 class=\"elementor-heading-title elementor-size-default\">Guyana se prepara para convertirse<br> en un gran productor de petr\u00f3leo y gas<\/h3>\t\t\t\t<\/div>\n\t\t\t\t<\/div>\n\t\t\t\t<div class=\"elementor-element elementor-element-3a38f2d4 elementor-widget elementor-widget-text-editor\" data-id=\"3a38f2d4\" data-element_type=\"widget\" data-widget_type=\"text-editor.default\">\n\t\t\t\t<div class=\"elementor-widget-container\">\n\t\t\t\t\t\t\t\t\t<p><span style=\"font-weight: 400;\">Desde 2015 se han producido varios descubrimientos en las aguas profundas de Guyana. Desde el primer descubrimiento de Stabroek, se han anunciado 16 nuevos, generando proyectos de desarrollo de ocho mil millones de barriles de petr\u00f3leo. Exxon, junto com Hess y CNOOC, comenz\u00f3 a producir desde el campo Stabroek en diciembre de 2019 a trav\u00e9s del FPSO Liza Destiny con una capacidad de 120 millones de barriles por d\u00eda.<\/span><\/p><p><span style=\"font-weight: 400;\">Se est\u00e1 proyectando otra unidad flotante, con una capacidad de 220.000 barriles diarios, y se est\u00e1 estudiando la possibilidad de construir una tercera. En total podr\u00edan producirse 500 mil barriles diarios en la pr\u00f3xima d\u00e9cada, el equivalente a la producci\u00f3n nacional de Ecuador.<\/span><\/p><p><span style=\"font-weight: 400;\">Se espera que Guyana represente alrededor del 8% de la producci\u00f3n mundial de Exxon a finales de esta d\u00e9cada. Asumir una posici\u00f3n estrat\u00e9gica en la cartera de inversiones de la compania. Como ejemplo, La petrolera anunci\u00f3 una inversi\u00f3n de 200.000 millones de d\u00f3lares en proyectos de petr\u00f3leo y gas en todo el mundo en los pr\u00f3ximos siete a\u00f1os. Tambi\u00e9n existe la possibilidad de poner em marcha nuevos proyectos de desarrollo en el bloque Stabroek, que actualmente prev\u00e9 una producci\u00f3n en el lugar de mas de 750.000 barriles diarios para 2025.\u00a0<\/span><\/p><p><span style=\"font-weight: 400;\">Las actividades de exploraci\u00f3n tambi\u00e9n llegan a Surinam (las espa\u00f1olas Repsol y Chevron, as\u00ed como la japonesa Inpex). En la Guyana Francesa est\u00e1n Total y Shell.<\/span><\/p>\t\t\t\t\t\t\t\t<\/div>\n\t\t\t\t<\/div>\n\t\t\t\t<section class=\"elementor-section elementor-inner-section elementor-element elementor-element-4a5f0548 elementor-section-boxed elementor-section-height-default elementor-section-height-default\" data-id=\"4a5f0548\" data-element_type=\"section\">\n\t\t\t\t\t\t<div class=\"elementor-container elementor-column-gap-default\">\n\t\t\t\t\t<div class=\"elementor-column elementor-col-50 elementor-inner-column elementor-element elementor-element-104175e\" data-id=\"104175e\" data-element_type=\"column\">\n\t\t\t<div class=\"elementor-widget-wrap elementor-element-populated\">\n\t\t\t\t\t\t<div class=\"elementor-element elementor-element-3b1804e6 elementor-widget elementor-widget-text-editor\" data-id=\"3b1804e6\" data-element_type=\"widget\" data-widget_type=\"text-editor.default\">\n\t\t\t\t<div class=\"elementor-widget-container\">\n\t\t\t\t\t\t\t\t\t<p><b>Oportunidades<\/b><\/p>\t\t\t\t\t\t\t\t<\/div>\n\t\t\t\t<\/div>\n\t\t\t\t\t<\/div>\n\t\t<\/div>\n\t\t\t\t<div class=\"elementor-column elementor-col-50 elementor-inner-column elementor-element elementor-element-6604dfae\" data-id=\"6604dfae\" data-element_type=\"column\">\n\t\t\t<div class=\"elementor-widget-wrap elementor-element-populated\">\n\t\t\t\t\t\t<div class=\"elementor-element elementor-element-91ed663 elementor-widget elementor-widget-text-editor\" data-id=\"91ed663\" data-element_type=\"widget\" data-widget_type=\"text-editor.default\">\n\t\t\t\t<div class=\"elementor-widget-container\">\n\t\t\t\t\t\t\t\t\t<ul><li style=\"font-weight: 400;\" aria-level=\"1\"><span style=\"font-weight: 400;\">Suministro de equipos de perforaci\u00f3n y sismol\u00f3gicos.<\/span><\/li><li style=\"font-weight: 400;\" aria-level=\"1\"><span style=\"font-weight: 400;\">Formaci\u00f3n sobre temas de la industria extractiva para los empleados del GOG.\u00a0<\/span><\/li><li style=\"font-weight: 400;\" aria-level=\"1\"><span style=\"font-weight: 400;\">Exploraci\u00f3n petrol\u00edfera.\u00a0<\/span><\/li><\/ul>\t\t\t\t\t\t\t\t<\/div>\n\t\t\t\t<\/div>\n\t\t\t\t\t<\/div>\n\t\t<\/div>\n\t\t\t\t\t<\/div>\n\t\t<\/section>\n\t\t\t\t\t<\/div>\n\t\t<\/div>\n\t\t\t\t\t<\/div>\n\t\t<\/section>\n\t\t\t\t<section class=\"elementor-section elementor-top-section elementor-element elementor-element-1494a74a elementor-section-content-middle elementor-section-boxed elementor-section-height-default elementor-section-height-default\" data-id=\"1494a74a\" data-element_type=\"section\">\n\t\t\t\t\t\t<div class=\"elementor-container elementor-column-gap-no\">\n\t\t\t\t\t<div class=\"elementor-column elementor-col-50 elementor-top-column elementor-element elementor-element-72b877ae\" data-id=\"72b877ae\" data-element_type=\"column\">\n\t\t\t<div class=\"elementor-widget-wrap elementor-element-populated\">\n\t\t\t\t\t\t<div class=\"elementor-element elementor-element-43c76123 elementor-widget elementor-widget-heading\" data-id=\"43c76123\" data-element_type=\"widget\" data-widget_type=\"heading.default\">\n\t\t\t\t<div class=\"elementor-widget-container\">\n\t\t\t\t\t<h2 class=\"elementor-heading-title elementor-size-default\">\u00bfSe sinti\u00f3 interesado en invertir en el sector de petr\u00f3leo y gas en Guyana? Cont\u00e1ctenos para preguntas o para obtener m\u00e1s informaci\u00f3n.<\/h2>\t\t\t\t<\/div>\n\t\t\t\t<\/div>\n\t\t\t\t<div class=\"elementor-element elementor-element-7ae11c2 elementor-widget elementor-widget-text-editor\" data-id=\"7ae11c2\" data-element_type=\"widget\" data-widget_type=\"text-editor.default\">\n\t\t\t\t<div class=\"elementor-widget-container\">\n\t\t\t\t\t\t\t\t\t<p>Haga clic y cont\u00e1ctenos<\/p>\t\t\t\t\t\t\t\t<\/div>\n\t\t\t\t<\/div>\n\t\t\t\t\t<\/div>\n\t\t<\/div>\n\t\t\t\t<div class=\"elementor-column elementor-col-50 elementor-top-column elementor-element elementor-element-ba9e521\" data-id=\"ba9e521\" data-element_type=\"column\">\n\t\t\t<div class=\"elementor-widget-wrap elementor-element-populated\">\n\t\t\t\t\t\t<div class=\"elementor-element elementor-element-2a6a53ed elementor-align-right elementor-mobile-align-left elementor-widget elementor-widget-button\" data-id=\"2a6a53ed\" data-element_type=\"widget\" data-widget_type=\"button.default\">\n\t\t\t\t<div class=\"elementor-widget-container\">\n\t\t\t\t\t\t\t\t\t<div class=\"elementor-button-wrapper\">\n\t\t\t\t\t<a class=\"elementor-button elementor-button-link elementor-size-sm elementor-animation-grow\" href=\"https:\/\/ibnguyana.com\/es\/contactos\/\">\n\t\t\t\t\t\t<span class=\"elementor-button-content-wrapper\">\n\t\t\t\t\t\t\t\t\t<span class=\"elementor-button-text\">Contact to find out more<\/span>\n\t\t\t\t\t<\/span>\n\t\t\t\t\t<\/a>\n\t\t\t\t<\/div>\n\t\t\t\t\t\t\t\t<\/div>\n\t\t\t\t<\/div>\n\t\t\t\t\t<\/div>\n\t\t<\/div>\n\t\t\t\t\t<\/div>\n\t\t<\/section>\n\t\t\t\t<\/div>\n\t\t","protected":false},"excerpt":{"rendered":"<p>Guyana se prepara para convertirse en un gran productor de petr\u00f3leo y gas Desde 2015 se han producido varios descubrimientos en las aguas profundas de Guyana. Desde el primer descubrimiento de Stabroek, se han anunciado 16 nuevos, generando proyectos de desarrollo de ocho mil millones de barriles de petr\u00f3leo. Exxon, junto com Hess y CNOOC, [&hellip;]<\/p>\n","protected":false},"author":4,"featured_media":0,"parent":2125,"menu_order":0,"comment_status":"closed","ping_status":"closed","template":"","meta":{"footnotes":""},"class_list":["post-2140","page","type-page","status-publish","hentry"],"acf":[],"yoast_head":"<!-- This site is optimized with the Yoast SEO Premium plugin v21.8 (Yoast SEO v21.8.1) - https:\/\/yoast.com\/wordpress\/plugins\/seo\/ -->\n<title>\u00c1reas de inversi\u00f3n en Guyana - Petr\u00f3leo y Gas - IBN Guyana - Intelligent Business Network<\/title>\n<meta name=\"robots\" content=\"index, follow, max-snippet:-1, max-image-preview:large, max-video-preview:-1\" \/>\n<link rel=\"canonical\" href=\"https:\/\/ibnguyana.com\/es\/servicios\/areas-de-inversion-3\/areas-de-inversion-en-guyana-petroleo-y-gas\/\" \/>\n<meta property=\"og:locale\" content=\"es_ES\" \/>\n<meta property=\"og:type\" content=\"article\" \/>\n<meta property=\"og:title\" content=\"\u00c1reas de inversi\u00f3n en Guyana - Petr\u00f3leo y Gas\" \/>\n<meta property=\"og:description\" content=\"Guyana se prepara para convertirse en un gran productor de petr\u00f3leo y gas Desde 2015 se han producido varios descubrimientos en las aguas profundas de Guyana. Desde el primer descubrimiento de Stabroek, se han anunciado 16 nuevos, generando proyectos de desarrollo de ocho mil millones de barriles de petr\u00f3leo. Exxon, junto com Hess y CNOOC, [&hellip;]\" \/>\n<meta property=\"og:url\" content=\"https:\/\/ibnguyana.com\/es\/servicios\/areas-de-inversion-3\/areas-de-inversion-en-guyana-petroleo-y-gas\/\" \/>\n<meta property=\"og:site_name\" content=\"IBN Guyana - Intelligent Business Network\" \/>\n<meta property=\"article:publisher\" content=\"https:\/\/www.facebook.com\/ibn.guyana\" \/>\n<meta property=\"article:modified_time\" content=\"2021-07-04T05:25:34+00:00\" \/>\n<meta property=\"og:image\" content=\"http:\/\/ibnguyana.com\/wp-content\/uploads\/2021\/07\/Liza-Destiny_16.9_12589-940x350-1.jpg\" \/>\n<meta name=\"twitter:card\" content=\"summary_large_image\" \/>\n<meta name=\"twitter:label1\" content=\"Tiempo de lectura\" \/>\n\t<meta name=\"twitter:data1\" content=\"2 minutos\" \/>\n<script type=\"application\/ld+json\" class=\"yoast-schema-graph\">{\"@context\":\"https:\/\/schema.org\",\"@graph\":[{\"@type\":\"WebPage\",\"@id\":\"https:\/\/ibnguyana.com\/es\/servicios\/areas-de-inversion-3\/areas-de-inversion-en-guyana-petroleo-y-gas\/\",\"url\":\"https:\/\/ibnguyana.com\/es\/servicios\/areas-de-inversion-3\/areas-de-inversion-en-guyana-petroleo-y-gas\/\",\"name\":\"\u00c1reas de inversi\u00f3n en Guyana - Petr\u00f3leo y Gas - IBN Guyana - Intelligent Business Network\",\"isPartOf\":{\"@id\":\"https:\/\/ibnguyana.com\/#website\"},\"datePublished\":\"2021-07-04T05:21:55+00:00\",\"dateModified\":\"2021-07-04T05:25:34+00:00\",\"breadcrumb\":{\"@id\":\"https:\/\/ibnguyana.com\/es\/servicios\/areas-de-inversion-3\/areas-de-inversion-en-guyana-petroleo-y-gas\/#breadcrumb\"},\"inLanguage\":\"es\",\"potentialAction\":[{\"@type\":\"ReadAction\",\"target\":[\"https:\/\/ibnguyana.com\/es\/servicios\/areas-de-inversion-3\/areas-de-inversion-en-guyana-petroleo-y-gas\/\"]}]},{\"@type\":\"BreadcrumbList\",\"@id\":\"https:\/\/ibnguyana.com\/es\/servicios\/areas-de-inversion-3\/areas-de-inversion-en-guyana-petroleo-y-gas\/#breadcrumb\",\"itemListElement\":[{\"@type\":\"ListItem\",\"position\":1,\"name\":\"In\u00edcio\",\"item\":\"https:\/\/ibnguyana.com\/es\/home-2\/\"},{\"@type\":\"ListItem\",\"position\":2,\"name\":\"Servicios\",\"item\":\"https:\/\/ibnguyana.com\/es\/servicios\/\"},{\"@type\":\"ListItem\",\"position\":3,\"name\":\"Areas de Inversion\",\"item\":\"https:\/\/ibnguyana.com\/es\/servicios\/areas-de-inversion-3\/\"},{\"@type\":\"ListItem\",\"position\":4,\"name\":\"\u00c1reas de inversi\u00f3n en Guyana &#8211; Petr\u00f3leo y Gas\"}]},{\"@type\":\"WebSite\",\"@id\":\"https:\/\/ibnguyana.com\/#website\",\"url\":\"https:\/\/ibnguyana.com\/\",\"name\":\"IBN Guyana - Intelligent Business Network\",\"description\":\"IBN is an organization that aims to provide solutions provider for an Intelligent Business Network in Guyana, connecting investors and business\",\"potentialAction\":[{\"@type\":\"SearchAction\",\"target\":{\"@type\":\"EntryPoint\",\"urlTemplate\":\"https:\/\/ibnguyana.com\/?s={search_term_string}\"},\"query-input\":\"required name=search_term_string\"}],\"inLanguage\":\"es\"}]}<\/script>\n<!-- \/ Yoast SEO Premium plugin. -->","yoast_head_json":{"title":"\u00c1reas de inversi\u00f3n en Guyana - Petr\u00f3leo y Gas - IBN Guyana - Intelligent Business Network","robots":{"index":"index","follow":"follow","max-snippet":"max-snippet:-1","max-image-preview":"max-image-preview:large","max-video-preview":"max-video-preview:-1"},"canonical":"https:\/\/ibnguyana.com\/es\/servicios\/areas-de-inversion-3\/areas-de-inversion-en-guyana-petroleo-y-gas\/","og_locale":"es_ES","og_type":"article","og_title":"\u00c1reas de inversi\u00f3n en Guyana - Petr\u00f3leo y Gas","og_description":"Guyana se prepara para convertirse en un gran productor de petr\u00f3leo y gas Desde 2015 se han producido varios descubrimientos en las aguas profundas de Guyana. Desde el primer descubrimiento de Stabroek, se han anunciado 16 nuevos, generando proyectos de desarrollo de ocho mil millones de barriles de petr\u00f3leo. Exxon, junto com Hess y CNOOC, [&hellip;]","og_url":"https:\/\/ibnguyana.com\/es\/servicios\/areas-de-inversion-3\/areas-de-inversion-en-guyana-petroleo-y-gas\/","og_site_name":"IBN Guyana - Intelligent Business Network","article_publisher":"https:\/\/www.facebook.com\/ibn.guyana","article_modified_time":"2021-07-04T05:25:34+00:00","og_image":[{"url":"http:\/\/ibnguyana.com\/wp-content\/uploads\/2021\/07\/Liza-Destiny_16.9_12589-940x350-1.jpg"}],"twitter_card":"summary_large_image","twitter_misc":{"Tiempo de lectura":"2 minutos"},"schema":{"@context":"https:\/\/schema.org","@graph":[{"@type":"WebPage","@id":"https:\/\/ibnguyana.com\/es\/servicios\/areas-de-inversion-3\/areas-de-inversion-en-guyana-petroleo-y-gas\/","url":"https:\/\/ibnguyana.com\/es\/servicios\/areas-de-inversion-3\/areas-de-inversion-en-guyana-petroleo-y-gas\/","name":"\u00c1reas de inversi\u00f3n en Guyana - Petr\u00f3leo y Gas - IBN Guyana - Intelligent Business Network","isPartOf":{"@id":"https:\/\/ibnguyana.com\/#website"},"datePublished":"2021-07-04T05:21:55+00:00","dateModified":"2021-07-04T05:25:34+00:00","breadcrumb":{"@id":"https:\/\/ibnguyana.com\/es\/servicios\/areas-de-inversion-3\/areas-de-inversion-en-guyana-petroleo-y-gas\/#breadcrumb"},"inLanguage":"es","potentialAction":[{"@type":"ReadAction","target":["https:\/\/ibnguyana.com\/es\/servicios\/areas-de-inversion-3\/areas-de-inversion-en-guyana-petroleo-y-gas\/"]}]},{"@type":"BreadcrumbList","@id":"https:\/\/ibnguyana.com\/es\/servicios\/areas-de-inversion-3\/areas-de-inversion-en-guyana-petroleo-y-gas\/#breadcrumb","itemListElement":[{"@type":"ListItem","position":1,"name":"In\u00edcio","item":"https:\/\/ibnguyana.com\/es\/home-2\/"},{"@type":"ListItem","position":2,"name":"Servicios","item":"https:\/\/ibnguyana.com\/es\/servicios\/"},{"@type":"ListItem","position":3,"name":"Areas de Inversion","item":"https:\/\/ibnguyana.com\/es\/servicios\/areas-de-inversion-3\/"},{"@type":"ListItem","position":4,"name":"\u00c1reas de inversi\u00f3n en Guyana &#8211; Petr\u00f3leo y Gas"}]},{"@type":"WebSite","@id":"https:\/\/ibnguyana.com\/#website","url":"https:\/\/ibnguyana.com\/","name":"IBN Guyana - Intelligent Business Network","description":"IBN is an organization that aims to provide solutions provider for an Intelligent Business Network in Guyana, connecting investors and business","potentialAction":[{"@type":"SearchAction","target":{"@type":"EntryPoint","urlTemplate":"https:\/\/ibnguyana.com\/?s={search_term_string}"},"query-input":"required name=search_term_string"}],"inLanguage":"es"}]}},"_links":{"self":[{"href":"https:\/\/ibnguyana.com\/es\/wp-json\/wp\/v2\/pages\/2140","targetHints":{"allow":["GET"]}}],"collection":[{"href":"https:\/\/ibnguyana.com\/es\/wp-json\/wp\/v2\/pages"}],"about":[{"href":"https:\/\/ibnguyana.com\/es\/wp-json\/wp\/v2\/types\/page"}],"author":[{"embeddable":true,"href":"https:\/\/ibnguyana.com\/es\/wp-json\/wp\/v2\/users\/4"}],"replies":[{"embeddable":true,"href":"https:\/\/ibnguyana.com\/es\/wp-json\/wp\/v2\/comments?post=2140"}],"version-history":[{"count":2,"href":"https:\/\/ibnguyana.com\/es\/wp-json\/wp\/v2\/pages\/2140\/revisions"}],"predecessor-version":[{"id":2142,"href":"https:\/\/ibnguyana.com\/es\/wp-json\/wp\/v2\/pages\/2140\/revisions\/2142"}],"up":[{"embeddable":true,"href":"https:\/\/ibnguyana.com\/es\/wp-json\/wp\/v2\/pages\/2125"}],"wp:attachment":[{"href":"https:\/\/ibnguyana.com\/es\/wp-json\/wp\/v2\/media?parent=2140"}],"curies":[{"name":"wp","href":"https:\/\/api.w.org\/{rel}","templated":true}]}}