{"id":2136,"date":"2021-07-04T05:14:31","date_gmt":"2021-07-04T05:14:31","guid":{"rendered":"https:\/\/ibnguyana.com\/?page_id=2136"},"modified":"2021-07-04T05:19:03","modified_gmt":"2021-07-04T05:19:03","slug":"areas-de-inversion-en-guyana-energia","status":"publish","type":"page","link":"https:\/\/ibnguyana.com\/es\/servicios\/areas-de-inversion-3\/areas-de-inversion-en-guyana-energia\/","title":{"rendered":"\u00c1reas de inversi\u00f3n en Guyana &#8211; Energ\u00eda"},"content":{"rendered":"\t\t<div data-elementor-type=\"wp-page\" data-elementor-id=\"2136\" class=\"elementor elementor-2136\" data-elementor-post-type=\"page\">\n\t\t\t\t\t\t<section class=\"elementor-section elementor-top-section elementor-element elementor-element-7903e2f9 elementor-section-full_width elementor-section-content-middle elementor-section-height-default elementor-section-height-default\" data-id=\"7903e2f9\" data-element_type=\"section\">\n\t\t\t\t\t\t<div class=\"elementor-container elementor-column-gap-no\">\n\t\t\t\t\t<div class=\"elementor-column elementor-col-50 elementor-top-column elementor-element elementor-element-60c06da4\" data-id=\"60c06da4\" data-element_type=\"column\" data-settings=\"{&quot;background_background&quot;:&quot;classic&quot;}\">\n\t\t\t<div class=\"elementor-widget-wrap elementor-element-populated\">\n\t\t\t\t\t<div class=\"elementor-background-overlay\"><\/div>\n\t\t\t\t\t\t<div class=\"elementor-element elementor-element-5ac8ba08 elementor-widget elementor-widget-heading\" data-id=\"5ac8ba08\" data-element_type=\"widget\" data-widget_type=\"heading.default\">\n\t\t\t\t<div class=\"elementor-widget-container\">\n\t\t\t\t\t<h4 class=\"elementor-heading-title elementor-size-default\">Energ\u00eda<\/h4>\t\t\t\t<\/div>\n\t\t\t\t<\/div>\n\t\t\t\t\t<\/div>\n\t\t<\/div>\n\t\t\t\t<div class=\"elementor-column elementor-col-50 elementor-top-column elementor-element elementor-element-7fad2b3a\" data-id=\"7fad2b3a\" data-element_type=\"column\">\n\t\t\t<div class=\"elementor-widget-wrap elementor-element-populated\">\n\t\t\t\t\t\t<div class=\"elementor-element elementor-element-3af04bca elementor-widget elementor-widget-text-editor\" data-id=\"3af04bca\" data-element_type=\"widget\" data-widget_type=\"text-editor.default\">\n\t\t\t\t<div class=\"elementor-widget-container\">\n\t\t\t\t\t\t\t\t\t<p><span style=\"font-weight: 400;\">Guyana lanz\u00f3 su Estrategia de Desarrollo de la Economia Verde em 2016. Estas iniciativas tienen como objetivo transformar el sector el\u00e9ctrico de Guyana, pasando de estar basado casi al 100% em los combustibles f\u00f3siles a estar basado casi al 100% en las energias renovables. La consecuci\u00f3n de este objetivo ha apoyado el desarrollo de proyectos hidroel\u00e9ctros, as\u00ed como de energia solar y e\u00f3lica. La generaci\u00f3n de electricidad a trav\u00e9s de la energia e\u00f3lica no est\u00e1 desarrollada en el pa\u00eds, a pesar del importante potencial de generaci\u00f3n de energia e\u00f3lica del pa\u00eds.<\/span><\/p><p><b>Oportunidades<\/b><\/p><ul><li style=\"font-weight: 400;\" aria-level=\"1\"><span style=\"font-weight: 400;\">Desarrollo de instalaciones hidroel\u00e9ctricas medianas y peque\u00f1as.\u00a0<\/span><\/li><li style=\"font-weight: 400;\" aria-level=\"1\"><span style=\"font-weight: 400;\">Equipamiento y desarrollo de parques e\u00f3licos y solares.<\/span><\/li><li style=\"font-weight: 400;\" aria-level=\"1\"><span style=\"font-weight: 400;\">Importaci\u00f3n y instalaci\u00f3n de paneles solares para uso residencial y comercial.<\/span><\/li><\/ul>\t\t\t\t\t\t\t\t<\/div>\n\t\t\t\t<\/div>\n\t\t\t\t\t<\/div>\n\t\t<\/div>\n\t\t\t\t\t<\/div>\n\t\t<\/section>\n\t\t\t\t<section class=\"elementor-section elementor-top-section elementor-element elementor-element-1494a74a elementor-section-content-middle elementor-section-boxed elementor-section-height-default elementor-section-height-default\" data-id=\"1494a74a\" data-element_type=\"section\">\n\t\t\t\t\t\t<div class=\"elementor-container elementor-column-gap-no\">\n\t\t\t\t\t<div class=\"elementor-column elementor-col-50 elementor-top-column elementor-element elementor-element-72b877ae\" data-id=\"72b877ae\" data-element_type=\"column\">\n\t\t\t<div class=\"elementor-widget-wrap elementor-element-populated\">\n\t\t\t\t\t\t<div class=\"elementor-element elementor-element-43c76123 elementor-widget elementor-widget-heading\" data-id=\"43c76123\" data-element_type=\"widget\" data-widget_type=\"heading.default\">\n\t\t\t\t<div class=\"elementor-widget-container\">\n\t\t\t\t\t<h2 class=\"elementor-heading-title elementor-size-default\">\u00bfSe sinti\u00f3 interesado en invertir en el sector energ\u00e9tico de Guyana? Cont\u00e1ctenos para preguntas o para obtener m\u00e1s informaci\u00f3n.<\/h2>\t\t\t\t<\/div>\n\t\t\t\t<\/div>\n\t\t\t\t<div class=\"elementor-element elementor-element-7ae11c2 elementor-widget elementor-widget-text-editor\" data-id=\"7ae11c2\" data-element_type=\"widget\" data-widget_type=\"text-editor.default\">\n\t\t\t\t<div class=\"elementor-widget-container\">\n\t\t\t\t\t\t\t\t\t<p>Haga clic y cont\u00e1ctenos<\/p>\t\t\t\t\t\t\t\t<\/div>\n\t\t\t\t<\/div>\n\t\t\t\t\t<\/div>\n\t\t<\/div>\n\t\t\t\t<div class=\"elementor-column elementor-col-50 elementor-top-column elementor-element elementor-element-ba9e521\" data-id=\"ba9e521\" data-element_type=\"column\">\n\t\t\t<div class=\"elementor-widget-wrap elementor-element-populated\">\n\t\t\t\t\t\t<div class=\"elementor-element elementor-element-2a6a53ed elementor-align-right elementor-mobile-align-left elementor-widget elementor-widget-button\" data-id=\"2a6a53ed\" data-element_type=\"widget\" data-widget_type=\"button.default\">\n\t\t\t\t<div class=\"elementor-widget-container\">\n\t\t\t\t\t\t\t\t\t<div class=\"elementor-button-wrapper\">\n\t\t\t\t\t<a class=\"elementor-button elementor-button-link elementor-size-sm elementor-animation-grow\" href=\"https:\/\/ibnguyana.com\/es\/contactos\/\">\n\t\t\t\t\t\t<span class=\"elementor-button-content-wrapper\">\n\t\t\t\t\t\t\t\t\t<span class=\"elementor-button-text\">Contacta para saber m\u00e1s<\/span>\n\t\t\t\t\t<\/span>\n\t\t\t\t\t<\/a>\n\t\t\t\t<\/div>\n\t\t\t\t\t\t\t\t<\/div>\n\t\t\t\t<\/div>\n\t\t\t\t\t<\/div>\n\t\t<\/div>\n\t\t\t\t\t<\/div>\n\t\t<\/section>\n\t\t\t\t<\/div>\n\t\t","protected":false},"excerpt":{"rendered":"<p>Energ\u00eda Guyana lanz\u00f3 su Estrategia de Desarrollo de la Economia Verde em 2016. Estas iniciativas tienen como objetivo transformar el sector el\u00e9ctrico de Guyana, pasando de estar basado casi al 100% em los combustibles f\u00f3siles a estar basado casi al 100% en las energias renovables. La consecuci\u00f3n de este objetivo ha apoyado el desarrollo de [&hellip;]<\/p>\n","protected":false},"author":4,"featured_media":0,"parent":2125,"menu_order":0,"comment_status":"closed","ping_status":"closed","template":"","meta":{"footnotes":""},"class_list":["post-2136","page","type-page","status-publish","hentry"],"acf":[],"yoast_head":"<!-- This site is optimized with the Yoast SEO Premium plugin v21.8 (Yoast SEO v21.8.1) - https:\/\/yoast.com\/wordpress\/plugins\/seo\/ -->\n<title>\u00c1reas de inversi\u00f3n en Guyana - Energ\u00eda - IBN Guyana - Intelligent Business Network<\/title>\n<meta name=\"description\" content=\"Guyana lanz\u00f3 su Estrategia de Desarrollo de la Economia Verde (...) como objetivo transformar el sector el\u00e9ctrico de Guyana, pasando de estar basado casi al 100% em los combustibles f\u00f3siles a estar basado casi al 100% en las energias renovables.\" \/>\n<meta name=\"robots\" content=\"index, follow, max-snippet:-1, max-image-preview:large, max-video-preview:-1\" \/>\n<link rel=\"canonical\" href=\"https:\/\/ibnguyana.com\/es\/servicios\/areas-de-inversion-3\/areas-de-inversion-en-guyana-energia\/\" \/>\n<meta property=\"og:locale\" content=\"es_ES\" \/>\n<meta property=\"og:type\" content=\"article\" \/>\n<meta property=\"og:title\" content=\"\u00c1reas de inversi\u00f3n en Guyana - Energ\u00eda\" \/>\n<meta property=\"og:description\" content=\"Guyana lanz\u00f3 su Estrategia de Desarrollo de la Economia Verde (...) como objetivo transformar el sector el\u00e9ctrico de Guyana, pasando de estar basado casi al 100% em los combustibles f\u00f3siles a estar basado casi al 100% en las energias renovables.\" \/>\n<meta property=\"og:url\" content=\"https:\/\/ibnguyana.com\/es\/servicios\/areas-de-inversion-3\/areas-de-inversion-en-guyana-energia\/\" \/>\n<meta property=\"og:site_name\" content=\"IBN Guyana - Intelligent Business Network\" \/>\n<meta property=\"article:publisher\" content=\"https:\/\/www.facebook.com\/ibn.guyana\" \/>\n<meta property=\"article:modified_time\" content=\"2021-07-04T05:19:03+00:00\" \/>\n<meta name=\"twitter:card\" content=\"summary_large_image\" \/>\n<meta name=\"twitter:label1\" content=\"Tiempo de lectura\" \/>\n\t<meta name=\"twitter:data1\" content=\"1 minuto\" \/>\n<script type=\"application\/ld+json\" class=\"yoast-schema-graph\">{\"@context\":\"https:\/\/schema.org\",\"@graph\":[{\"@type\":\"WebPage\",\"@id\":\"https:\/\/ibnguyana.com\/es\/servicios\/areas-de-inversion-3\/areas-de-inversion-en-guyana-energia\/\",\"url\":\"https:\/\/ibnguyana.com\/es\/servicios\/areas-de-inversion-3\/areas-de-inversion-en-guyana-energia\/\",\"name\":\"\u00c1reas de inversi\u00f3n en Guyana - Energ\u00eda - IBN Guyana - Intelligent Business Network\",\"isPartOf\":{\"@id\":\"https:\/\/ibnguyana.com\/#website\"},\"datePublished\":\"2021-07-04T05:14:31+00:00\",\"dateModified\":\"2021-07-04T05:19:03+00:00\",\"description\":\"Guyana lanz\u00f3 su Estrategia de Desarrollo de la Economia Verde (...) como objetivo transformar el sector el\u00e9ctrico de Guyana, pasando de estar basado casi al 100% em los combustibles f\u00f3siles a estar basado casi al 100% en las energias renovables.\",\"breadcrumb\":{\"@id\":\"https:\/\/ibnguyana.com\/es\/servicios\/areas-de-inversion-3\/areas-de-inversion-en-guyana-energia\/#breadcrumb\"},\"inLanguage\":\"es\",\"potentialAction\":[{\"@type\":\"ReadAction\",\"target\":[\"https:\/\/ibnguyana.com\/es\/servicios\/areas-de-inversion-3\/areas-de-inversion-en-guyana-energia\/\"]}]},{\"@type\":\"BreadcrumbList\",\"@id\":\"https:\/\/ibnguyana.com\/es\/servicios\/areas-de-inversion-3\/areas-de-inversion-en-guyana-energia\/#breadcrumb\",\"itemListElement\":[{\"@type\":\"ListItem\",\"position\":1,\"name\":\"In\u00edcio\",\"item\":\"https:\/\/ibnguyana.com\/es\/home-2\/\"},{\"@type\":\"ListItem\",\"position\":2,\"name\":\"Servicios\",\"item\":\"https:\/\/ibnguyana.com\/es\/servicios\/\"},{\"@type\":\"ListItem\",\"position\":3,\"name\":\"Areas de Inversion\",\"item\":\"https:\/\/ibnguyana.com\/es\/servicios\/areas-de-inversion-3\/\"},{\"@type\":\"ListItem\",\"position\":4,\"name\":\"\u00c1reas de inversi\u00f3n en Guyana &#8211; Energ\u00eda\"}]},{\"@type\":\"WebSite\",\"@id\":\"https:\/\/ibnguyana.com\/#website\",\"url\":\"https:\/\/ibnguyana.com\/\",\"name\":\"IBN Guyana - Intelligent Business Network\",\"description\":\"IBN is an organization that aims to provide solutions provider for an Intelligent Business Network in Guyana, connecting investors and business\",\"potentialAction\":[{\"@type\":\"SearchAction\",\"target\":{\"@type\":\"EntryPoint\",\"urlTemplate\":\"https:\/\/ibnguyana.com\/?s={search_term_string}\"},\"query-input\":\"required name=search_term_string\"}],\"inLanguage\":\"es\"}]}<\/script>\n<!-- \/ Yoast SEO Premium plugin. -->","yoast_head_json":{"title":"\u00c1reas de inversi\u00f3n en Guyana - Energ\u00eda - IBN Guyana - Intelligent Business Network","description":"Guyana lanz\u00f3 su Estrategia de Desarrollo de la Economia Verde (...) como objetivo transformar el sector el\u00e9ctrico de Guyana, pasando de estar basado casi al 100% em los combustibles f\u00f3siles a estar basado casi al 100% en las energias renovables.","robots":{"index":"index","follow":"follow","max-snippet":"max-snippet:-1","max-image-preview":"max-image-preview:large","max-video-preview":"max-video-preview:-1"},"canonical":"https:\/\/ibnguyana.com\/es\/servicios\/areas-de-inversion-3\/areas-de-inversion-en-guyana-energia\/","og_locale":"es_ES","og_type":"article","og_title":"\u00c1reas de inversi\u00f3n en Guyana - Energ\u00eda","og_description":"Guyana lanz\u00f3 su Estrategia de Desarrollo de la Economia Verde (...) como objetivo transformar el sector el\u00e9ctrico de Guyana, pasando de estar basado casi al 100% em los combustibles f\u00f3siles a estar basado casi al 100% en las energias renovables.","og_url":"https:\/\/ibnguyana.com\/es\/servicios\/areas-de-inversion-3\/areas-de-inversion-en-guyana-energia\/","og_site_name":"IBN Guyana - Intelligent Business Network","article_publisher":"https:\/\/www.facebook.com\/ibn.guyana","article_modified_time":"2021-07-04T05:19:03+00:00","twitter_card":"summary_large_image","twitter_misc":{"Tiempo de lectura":"1 minuto"},"schema":{"@context":"https:\/\/schema.org","@graph":[{"@type":"WebPage","@id":"https:\/\/ibnguyana.com\/es\/servicios\/areas-de-inversion-3\/areas-de-inversion-en-guyana-energia\/","url":"https:\/\/ibnguyana.com\/es\/servicios\/areas-de-inversion-3\/areas-de-inversion-en-guyana-energia\/","name":"\u00c1reas de inversi\u00f3n en Guyana - Energ\u00eda - IBN Guyana - Intelligent Business Network","isPartOf":{"@id":"https:\/\/ibnguyana.com\/#website"},"datePublished":"2021-07-04T05:14:31+00:00","dateModified":"2021-07-04T05:19:03+00:00","description":"Guyana lanz\u00f3 su Estrategia de Desarrollo de la Economia Verde (...) como objetivo transformar el sector el\u00e9ctrico de Guyana, pasando de estar basado casi al 100% em los combustibles f\u00f3siles a estar basado casi al 100% en las energias renovables.","breadcrumb":{"@id":"https:\/\/ibnguyana.com\/es\/servicios\/areas-de-inversion-3\/areas-de-inversion-en-guyana-energia\/#breadcrumb"},"inLanguage":"es","potentialAction":[{"@type":"ReadAction","target":["https:\/\/ibnguyana.com\/es\/servicios\/areas-de-inversion-3\/areas-de-inversion-en-guyana-energia\/"]}]},{"@type":"BreadcrumbList","@id":"https:\/\/ibnguyana.com\/es\/servicios\/areas-de-inversion-3\/areas-de-inversion-en-guyana-energia\/#breadcrumb","itemListElement":[{"@type":"ListItem","position":1,"name":"In\u00edcio","item":"https:\/\/ibnguyana.com\/es\/home-2\/"},{"@type":"ListItem","position":2,"name":"Servicios","item":"https:\/\/ibnguyana.com\/es\/servicios\/"},{"@type":"ListItem","position":3,"name":"Areas de Inversion","item":"https:\/\/ibnguyana.com\/es\/servicios\/areas-de-inversion-3\/"},{"@type":"ListItem","position":4,"name":"\u00c1reas de inversi\u00f3n en Guyana &#8211; Energ\u00eda"}]},{"@type":"WebSite","@id":"https:\/\/ibnguyana.com\/#website","url":"https:\/\/ibnguyana.com\/","name":"IBN Guyana - Intelligent Business Network","description":"IBN is an organization that aims to provide solutions provider for an Intelligent Business Network in Guyana, connecting investors and business","potentialAction":[{"@type":"SearchAction","target":{"@type":"EntryPoint","urlTemplate":"https:\/\/ibnguyana.com\/?s={search_term_string}"},"query-input":"required name=search_term_string"}],"inLanguage":"es"}]}},"_links":{"self":[{"href":"https:\/\/ibnguyana.com\/es\/wp-json\/wp\/v2\/pages\/2136","targetHints":{"allow":["GET"]}}],"collection":[{"href":"https:\/\/ibnguyana.com\/es\/wp-json\/wp\/v2\/pages"}],"about":[{"href":"https:\/\/ibnguyana.com\/es\/wp-json\/wp\/v2\/types\/page"}],"author":[{"embeddable":true,"href":"https:\/\/ibnguyana.com\/es\/wp-json\/wp\/v2\/users\/4"}],"replies":[{"embeddable":true,"href":"https:\/\/ibnguyana.com\/es\/wp-json\/wp\/v2\/comments?post=2136"}],"version-history":[{"count":3,"href":"https:\/\/ibnguyana.com\/es\/wp-json\/wp\/v2\/pages\/2136\/revisions"}],"predecessor-version":[{"id":2139,"href":"https:\/\/ibnguyana.com\/es\/wp-json\/wp\/v2\/pages\/2136\/revisions\/2139"}],"up":[{"embeddable":true,"href":"https:\/\/ibnguyana.com\/es\/wp-json\/wp\/v2\/pages\/2125"}],"wp:attachment":[{"href":"https:\/\/ibnguyana.com\/es\/wp-json\/wp\/v2\/media?parent=2136"}],"curies":[{"name":"wp","href":"https:\/\/api.w.org\/{rel}","templated":true}]}}